{"id":484,"date":"2023-01-31T14:22:06","date_gmt":"2023-01-31T13:22:06","guid":{"rendered":"https:\/\/nicolasmaingault.fr\/?page_id=484"},"modified":"2023-09-08T16:37:54","modified_gmt":"2023-09-08T14:37:54","slug":"mon-blog","status":"publish","type":"page","link":"https:\/\/nicolasmaingault.fr\/index.php\/mon-blog\/","title":{"rendered":"Mon Blog"},"content":{"rendered":"\t\t<div data-elementor-type=\"wp-page\" data-elementor-id=\"484\" class=\"elementor elementor-484\" data-elementor-post-type=\"page\">\n\t\t\t\t\t\t<section class=\"elementor-section elementor-top-section elementor-element elementor-element-d80e7b8 elementor-section-height-min-height elementor-section-boxed elementor-section-height-default elementor-section-items-middle\" data-id=\"d80e7b8\" data-element_type=\"section\" data-e-type=\"section\" data-settings=\"{&quot;background_background&quot;:&quot;classic&quot;,&quot;shape_divider_bottom&quot;:&quot;waves&quot;}\">\n\t\t\t\t\t\t\t<div class=\"elementor-background-overlay\"><\/div>\n\t\t\t\t\t\t<div class=\"elementor-shape elementor-shape-bottom\" aria-hidden=\"true\" data-negative=\"false\">\n\t\t\t<svg xmlns=\"http:\/\/www.w3.org\/2000\/svg\" viewBox=\"0 0 1000 100\" preserveAspectRatio=\"none\">\n\t<path class=\"elementor-shape-fill\" d=\"M421.9,6.5c22.6-2.5,51.5,0.4,75.5,5.3c23.6,4.9,70.9,23.5,100.5,35.7c75.8,32.2,133.7,44.5,192.6,49.7\n\tc23.6,2.1,48.7,3.5,103.4-2.5c54.7-6,106.2-25.6,106.2-25.6V0H0v30.3c0,0,72,32.6,158.4,30.5c39.2-0.7,92.8-6.7,134-22.4\n\tc21.2-8.1,52.2-18.2,79.7-24.2C399.3,7.9,411.6,7.5,421.9,6.5z\"\/>\n<\/svg>\t\t<\/div>\n\t\t\t\t\t<div class=\"elementor-container elementor-column-gap-default\">\n\t\t\t\t\t<div class=\"elementor-column elementor-col-100 elementor-top-column elementor-element elementor-element-54ff9da\" data-id=\"54ff9da\" data-element_type=\"column\" data-e-type=\"column\">\n\t\t\t<div class=\"elementor-widget-wrap elementor-element-populated\">\n\t\t\t\t\t\t<div class=\"elementor-element elementor-element-36bc609 elementor-widget elementor-widget-heading\" data-id=\"36bc609\" data-element_type=\"widget\" data-e-type=\"widget\" data-widget_type=\"heading.default\">\n\t\t\t\t<div class=\"elementor-widget-container\">\n\t\t\t\t\t<h1 class=\"elementor-heading-title elementor-size-default\"><a href=\"https:\/\/nicolasmaingault.fr\/\"><br>NICOLAS MAINGAULT<\/a><\/h1>\t\t\t\t<\/div>\n\t\t\t\t<\/div>\n\t\t\t\t<div class=\"elementor-element elementor-element-aa3e9bf elementor-widget elementor-widget-heading\" data-id=\"aa3e9bf\" data-element_type=\"widget\" data-e-type=\"widget\" data-widget_type=\"heading.default\">\n\t\t\t\t<div class=\"elementor-widget-container\">\n\t\t\t\t\t<h3 class=\"elementor-heading-title elementor-size-default\">Communication  |  Google Ads  |  Site internet\u200b<\/h3>\t\t\t\t<\/div>\n\t\t\t\t<\/div>\n\t\t\t\t\t<\/div>\n\t\t<\/div>\n\t\t\t\t\t<\/div>\n\t\t<\/section>\n\t\t\t\t<section class=\"elementor-section elementor-top-section elementor-element elementor-element-a912d3e elementor-section-boxed elementor-section-height-default elementor-section-height-default\" data-id=\"a912d3e\" data-element_type=\"section\" data-e-type=\"section\">\n\t\t\t\t\t\t<div class=\"elementor-container elementor-column-gap-default\">\n\t\t\t\t\t<div class=\"elementor-column elementor-col-50 elementor-top-column elementor-element elementor-element-2b0d808\" data-id=\"2b0d808\" data-element_type=\"column\" data-e-type=\"column\">\n\t\t\t<div class=\"elementor-widget-wrap elementor-element-populated\">\n\t\t\t\t\t\t<div class=\"elementor-element elementor-element-7438d5b elementor-hidden-mobile elementor-widget elementor-widget-spacer\" data-id=\"7438d5b\" data-element_type=\"widget\" data-e-type=\"widget\" data-widget_type=\"spacer.default\">\n\t\t\t\t<div class=\"elementor-widget-container\">\n\t\t\t\t\t\t\t<div class=\"elementor-spacer\">\n\t\t\t<div class=\"elementor-spacer-inner\"><\/div>\n\t\t<\/div>\n\t\t\t\t\t\t<\/div>\n\t\t\t\t<\/div>\n\t\t\t\t<div class=\"elementor-element elementor-element-8304eb5 elementor-widget elementor-widget-image\" data-id=\"8304eb5\" data-element_type=\"widget\" data-e-type=\"widget\" data-widget_type=\"image.default\">\n\t\t\t\t<div class=\"elementor-widget-container\">\n\t\t\t\t\t\t\t\t\t\t\t\t\t\t\t<img fetchpriority=\"high\" decoding=\"async\" width=\"1080\" height=\"1080\" src=\"https:\/\/nicolasmaingault.fr\/wp-content\/uploads\/2023\/05\/Publication-NM241.png\" class=\"attachment-full size-full wp-image-743\" alt=\"\" srcset=\"https:\/\/nicolasmaingault.fr\/wp-content\/uploads\/2023\/05\/Publication-NM241.png 1080w, https:\/\/nicolasmaingault.fr\/wp-content\/uploads\/2023\/05\/Publication-NM241-300x300.png 300w, https:\/\/nicolasmaingault.fr\/wp-content\/uploads\/2023\/05\/Publication-NM241-1024x1024.png 1024w, https:\/\/nicolasmaingault.fr\/wp-content\/uploads\/2023\/05\/Publication-NM241-150x150.png 150w, https:\/\/nicolasmaingault.fr\/wp-content\/uploads\/2023\/05\/Publication-NM241-768x768.png 768w\" sizes=\"(max-width: 1080px) 100vw, 1080px\" \/>\t\t\t\t\t\t\t\t\t\t\t\t\t\t\t<\/div>\n\t\t\t\t<\/div>\n\t\t\t\t\t<\/div>\n\t\t<\/div>\n\t\t\t\t<div class=\"elementor-column elementor-col-50 elementor-top-column elementor-element elementor-element-f3abb61\" data-id=\"f3abb61\" data-element_type=\"column\" data-e-type=\"column\">\n\t\t\t<div class=\"elementor-widget-wrap elementor-element-populated\">\n\t\t\t\t\t\t<div class=\"elementor-element elementor-element-ac4c2cc elementor-hidden-mobile elementor-widget elementor-widget-spacer\" data-id=\"ac4c2cc\" data-element_type=\"widget\" data-e-type=\"widget\" data-widget_type=\"spacer.default\">\n\t\t\t\t<div class=\"elementor-widget-container\">\n\t\t\t\t\t\t\t<div class=\"elementor-spacer\">\n\t\t\t<div class=\"elementor-spacer-inner\"><\/div>\n\t\t<\/div>\n\t\t\t\t\t\t<\/div>\n\t\t\t\t<\/div>\n\t\t\t\t<div class=\"elementor-element elementor-element-463d017 elementor-widget elementor-widget-heading\" data-id=\"463d017\" data-element_type=\"widget\" data-e-type=\"widget\" data-widget_type=\"heading.default\">\n\t\t\t\t<div class=\"elementor-widget-container\">\n\t\t\t\t\t<h2 class=\"elementor-heading-title elementor-size-default\">Bienvenue sur mon blog !<\/h2>\t\t\t\t<\/div>\n\t\t\t\t<\/div>\n\t\t\t\t<div class=\"elementor-element elementor-element-3156743 elementor-widget elementor-widget-text-editor\" data-id=\"3156743\" data-element_type=\"widget\" data-e-type=\"widget\" data-widget_type=\"text-editor.default\">\n\t\t\t\t<div class=\"elementor-widget-container\">\n\t\t\t\t\t\t\t\t\t<p>Je suis heureux de partager avec vous mes actualit\u00e9s, astuces et conseils pour vous aider dans votre parcours. <\/p><p>Ici, vous retrouverez des analyses sur le monde du sponsoring et de la communication digitale.<\/p><p>Restez connect\u00e9 pour d\u00e9couvrir mes derniers articles !<\/p>\t\t\t\t\t\t\t\t<\/div>\n\t\t\t\t<\/div>\n\t\t\t\t\t<\/div>\n\t\t<\/div>\n\t\t\t\t\t<\/div>\n\t\t<\/section>\n\t\t\t\t<section class=\"elementor-section elementor-top-section elementor-element elementor-element-572d32e elementor-section-boxed elementor-section-height-default elementor-section-height-default\" data-id=\"572d32e\" data-element_type=\"section\" data-e-type=\"section\">\n\t\t\t\t\t\t<div class=\"elementor-container elementor-column-gap-default\">\n\t\t\t\t\t<div class=\"elementor-column elementor-col-100 elementor-top-column elementor-element elementor-element-2dff560\" data-id=\"2dff560\" data-element_type=\"column\" data-e-type=\"column\">\n\t\t\t<div class=\"elementor-widget-wrap elementor-element-populated\">\n\t\t\t\t\t\t<div class=\"elementor-element elementor-element-ccf9329 elementor-grid-3 elementor-grid-tablet-2 elementor-grid-mobile-1 elementor-posts--thumbnail-top elementor-widget elementor-widget-posts\" data-id=\"ccf9329\" data-element_type=\"widget\" data-e-type=\"widget\" data-settings=\"{&quot;classic_columns&quot;:&quot;3&quot;,&quot;classic_columns_tablet&quot;:&quot;2&quot;,&quot;classic_columns_mobile&quot;:&quot;1&quot;,&quot;classic_row_gap&quot;:{&quot;unit&quot;:&quot;px&quot;,&quot;size&quot;:35,&quot;sizes&quot;:[]},&quot;classic_row_gap_tablet&quot;:{&quot;unit&quot;:&quot;px&quot;,&quot;size&quot;:&quot;&quot;,&quot;sizes&quot;:[]},&quot;classic_row_gap_mobile&quot;:{&quot;unit&quot;:&quot;px&quot;,&quot;size&quot;:&quot;&quot;,&quot;sizes&quot;:[]}}\" data-widget_type=\"posts.classic\">\n\t\t\t\t<div class=\"elementor-widget-container\">\n\t\t\t\t\t\t\t<div class=\"elementor-posts-container elementor-posts elementor-posts--skin-classic elementor-grid\" role=\"list\">\n\t\t\t\t<article class=\"elementor-post elementor-grid-item post-1053 post type-post status-publish format-standard has-post-thumbnail hentry category-non-classe\" role=\"listitem\">\n\t\t\t\t<a class=\"elementor-post__thumbnail__link\" href=\"https:\/\/nicolasmaingault.fr\/index.php\/2026\/01\/25\/strategie-digitale-par-ou-commencer-quand-on-est-independant\/\" tabindex=\"-1\" >\n\t\t\t<div class=\"elementor-post__thumbnail\"><img decoding=\"async\" width=\"800\" height=\"800\" src=\"https:\/\/nicolasmaingault.fr\/wp-content\/uploads\/2023\/05\/Publication-NM241-1024x1024.png\" class=\"attachment-large size-large wp-image-743\" alt=\"\" srcset=\"https:\/\/nicolasmaingault.fr\/wp-content\/uploads\/2023\/05\/Publication-NM241-1024x1024.png 1024w, https:\/\/nicolasmaingault.fr\/wp-content\/uploads\/2023\/05\/Publication-NM241-300x300.png 300w, https:\/\/nicolasmaingault.fr\/wp-content\/uploads\/2023\/05\/Publication-NM241-150x150.png 150w, https:\/\/nicolasmaingault.fr\/wp-content\/uploads\/2023\/05\/Publication-NM241-768x768.png 768w, https:\/\/nicolasmaingault.fr\/wp-content\/uploads\/2023\/05\/Publication-NM241.png 1080w\" sizes=\"(max-width: 800px) 100vw, 800px\" \/><\/div>\n\t\t<\/a>\n\t\t\t\t<div class=\"elementor-post__text\">\n\t\t\t\t<h3 class=\"elementor-post__title\">\n\t\t\t<a href=\"https:\/\/nicolasmaingault.fr\/index.php\/2026\/01\/25\/strategie-digitale-par-ou-commencer-quand-on-est-independant\/\" >\n\t\t\t\tStrat\u00e9gie digitale : par o\u00f9 commencer quand on est ind\u00e9pendant ?\t\t\t<\/a>\n\t\t<\/h3>\n\t\t\t\t<div class=\"elementor-post__meta-data\">\n\t\t\t\t\t<span class=\"elementor-post-author\">\n\t\t\tNicolasM\t\t<\/span>\n\t\t\t\t<\/div>\n\t\t\t\t<div class=\"elementor-post__excerpt\">\n\t\t\t<p>Quand on est ind\u00e9pendant, la strat\u00e9gie digitale peut vite devenir confuse.On entend beaucoup de conseils, parfois contradictoires. Il faudrait \u00eatre partout, publier tout le temps,<\/p>\n\t\t<\/div>\n\t\t\n\t\t<a class=\"elementor-post__read-more\" href=\"https:\/\/nicolasmaingault.fr\/index.php\/2026\/01\/25\/strategie-digitale-par-ou-commencer-quand-on-est-independant\/\" aria-label=\"En savoir plus sur Strat\u00e9gie digitale : par o\u00f9 commencer quand on est ind\u00e9pendant ?\" tabindex=\"-1\" >\n\t\t\tLire la suite \u00bb\t\t<\/a>\n\n\t\t\t\t<\/div>\n\t\t\t\t<\/article>\n\t\t\t\t<\/div>\n\t\t\n\t\t\t\t\t\t<\/div>\n\t\t\t\t<\/div>\n\t\t\t\t\t<\/div>\n\t\t<\/div>\n\t\t\t\t\t<\/div>\n\t\t<\/section>\n\t\t\t\t<\/div>\n\t\t","protected":false},"excerpt":{"rendered":"<p>NICOLAS MAINGAULT Communication | Google Ads | Site internet\u200b Bienvenue sur mon blog ! Je suis heureux de partager avec vous mes actualit\u00e9s, astuces et conseils pour vous aider dans votre parcours. Ici, vous retrouverez des analyses sur le monde du sponsoring et de la communication digitale. Restez connect\u00e9 pour d\u00e9couvrir mes derniers articles !<\/p>\n","protected":false},"author":1,"featured_media":0,"parent":0,"menu_order":0,"comment_status":"closed","ping_status":"closed","template":"","meta":{"footnotes":""},"class_list":["post-484","page","type-page","status-publish","hentry"],"yoast_head":"<!-- This site is optimized with the Yoast SEO plugin v27.4 - https:\/\/yoast.com\/product\/yoast-seo-wordpress\/ -->\n<title>Mon Blog - Nicolas Maingault - Independent Google et Social Ads<\/title>\n<meta name=\"description\" content=\"Bienvenue sur mon blog ! Je suis heureux de partager avec vous mes actualit\u00e9s, astuces et conseils pour vous aider dans votre parcours. Ici, vous retrouverez des analyses sur le monde du sponsoring et de la communication digitale. Restez connect\u00e9 pour d\u00e9couvrir mes derniers articles !\" \/>\n<meta name=\"robots\" content=\"index, follow, max-snippet:-1, max-image-preview:large, max-video-preview:-1\" \/>\n<link rel=\"canonical\" href=\"https:\/\/nicolasmaingault.fr\/index.php\/mon-blog\/\" \/>\n<meta property=\"og:locale\" content=\"fr_FR\" \/>\n<meta property=\"og:type\" content=\"article\" \/>\n<meta property=\"og:title\" content=\"Mon Blog - Nicolas Maingault - Independent Google et Social Ads\" \/>\n<meta property=\"og:description\" content=\"Bienvenue sur mon blog ! Je suis heureux de partager avec vous mes actualit\u00e9s, astuces et conseils pour vous aider dans votre parcours. Ici, vous retrouverez des analyses sur le monde du sponsoring et de la communication digitale. Restez connect\u00e9 pour d\u00e9couvrir mes derniers articles !\" \/>\n<meta property=\"og:url\" content=\"https:\/\/nicolasmaingault.fr\/index.php\/mon-blog\/\" \/>\n<meta property=\"og:site_name\" content=\"Nicolas Maingault\" \/>\n<meta property=\"article:modified_time\" content=\"2023-09-08T14:37:54+00:00\" \/>\n<meta property=\"og:image\" content=\"https:\/\/nicolasmaingault.fr\/wp-content\/uploads\/2023\/05\/Publication-NM241.png\" \/>\n<meta name=\"twitter:card\" content=\"summary_large_image\" \/>\n<meta name=\"twitter:label1\" content=\"Dur\u00e9e de lecture estim\u00e9e\" \/>\n\t<meta name=\"twitter:data1\" content=\"4 minutes\" \/>\n<script type=\"application\/ld+json\" class=\"yoast-schema-graph\">{\"@context\":\"https:\\\/\\\/schema.org\",\"@graph\":[{\"@type\":\"WebPage\",\"@id\":\"https:\\\/\\\/nicolasmaingault.fr\\\/index.php\\\/mon-blog\\\/\",\"url\":\"https:\\\/\\\/nicolasmaingault.fr\\\/index.php\\\/mon-blog\\\/\",\"name\":\"Mon Blog - Nicolas Maingault - Independent Google et Social Ads\",\"isPartOf\":{\"@id\":\"https:\\\/\\\/nicolasmaingault.fr\\\/#website\"},\"primaryImageOfPage\":{\"@id\":\"https:\\\/\\\/nicolasmaingault.fr\\\/index.php\\\/mon-blog\\\/#primaryimage\"},\"image\":{\"@id\":\"https:\\\/\\\/nicolasmaingault.fr\\\/index.php\\\/mon-blog\\\/#primaryimage\"},\"thumbnailUrl\":\"https:\\\/\\\/nicolasmaingault.fr\\\/wp-content\\\/uploads\\\/2023\\\/05\\\/Publication-NM241.png\",\"datePublished\":\"2023-01-31T13:22:06+00:00\",\"dateModified\":\"2023-09-08T14:37:54+00:00\",\"description\":\"Bienvenue sur mon blog ! Je suis heureux de partager avec vous mes actualit\u00e9s, astuces et conseils pour vous aider dans votre parcours. Ici, vous retrouverez des analyses sur le monde du sponsoring et de la communication digitale. Restez connect\u00e9 pour d\u00e9couvrir mes derniers articles !\",\"breadcrumb\":{\"@id\":\"https:\\\/\\\/nicolasmaingault.fr\\\/index.php\\\/mon-blog\\\/#breadcrumb\"},\"inLanguage\":\"fr-FR\",\"potentialAction\":[{\"@type\":\"ReadAction\",\"target\":[\"https:\\\/\\\/nicolasmaingault.fr\\\/index.php\\\/mon-blog\\\/\"]}]},{\"@type\":\"ImageObject\",\"inLanguage\":\"fr-FR\",\"@id\":\"https:\\\/\\\/nicolasmaingault.fr\\\/index.php\\\/mon-blog\\\/#primaryimage\",\"url\":\"https:\\\/\\\/nicolasmaingault.fr\\\/wp-content\\\/uploads\\\/2023\\\/05\\\/Publication-NM241.png\",\"contentUrl\":\"https:\\\/\\\/nicolasmaingault.fr\\\/wp-content\\\/uploads\\\/2023\\\/05\\\/Publication-NM241.png\",\"width\":1080,\"height\":1080},{\"@type\":\"BreadcrumbList\",\"@id\":\"https:\\\/\\\/nicolasmaingault.fr\\\/index.php\\\/mon-blog\\\/#breadcrumb\",\"itemListElement\":[{\"@type\":\"ListItem\",\"position\":1,\"name\":\"Accueil\",\"item\":\"https:\\\/\\\/nicolasmaingault.fr\\\/\"},{\"@type\":\"ListItem\",\"position\":2,\"name\":\"Mon Blog\"}]},{\"@type\":\"WebSite\",\"@id\":\"https:\\\/\\\/nicolasmaingault.fr\\\/#website\",\"url\":\"https:\\\/\\\/nicolasmaingault.fr\\\/\",\"name\":\"Nicolas Maingault\",\"description\":\"Freelance Communication | SEA\",\"publisher\":{\"@id\":\"https:\\\/\\\/nicolasmaingault.fr\\\/#organization\"},\"potentialAction\":[{\"@type\":\"SearchAction\",\"target\":{\"@type\":\"EntryPoint\",\"urlTemplate\":\"https:\\\/\\\/nicolasmaingault.fr\\\/?s={search_term_string}\"},\"query-input\":{\"@type\":\"PropertyValueSpecification\",\"valueRequired\":true,\"valueName\":\"search_term_string\"}}],\"inLanguage\":\"fr-FR\"},{\"@type\":\"Organization\",\"@id\":\"https:\\\/\\\/nicolasmaingault.fr\\\/#organization\",\"name\":\"Nicolas Maingault | Freelance Communication | SEA | Reims\",\"url\":\"https:\\\/\\\/nicolasmaingault.fr\\\/\",\"logo\":{\"@type\":\"ImageObject\",\"inLanguage\":\"fr-FR\",\"@id\":\"https:\\\/\\\/nicolasmaingault.fr\\\/#\\\/schema\\\/logo\\\/image\\\/\",\"url\":\"https:\\\/\\\/nicolasmaingault.fr\\\/wp-content\\\/uploads\\\/2022\\\/10\\\/cropped-compresse\u0301-1.png\",\"contentUrl\":\"https:\\\/\\\/nicolasmaingault.fr\\\/wp-content\\\/uploads\\\/2022\\\/10\\\/cropped-compresse\u0301-1.png\",\"width\":512,\"height\":512,\"caption\":\"Nicolas Maingault | Freelance Communication | SEA | Reims\"},\"image\":{\"@id\":\"https:\\\/\\\/nicolasmaingault.fr\\\/#\\\/schema\\\/logo\\\/image\\\/\"},\"sameAs\":[\"https:\\\/\\\/www.linkedin.com\\\/in\\\/nicolas-maingault-ab3293125\\\/\"]}]}<\/script>\n<!-- \/ Yoast SEO plugin. -->","yoast_head_json":{"title":"Mon Blog - Nicolas Maingault - Independent Google et Social Ads","description":"Bienvenue sur mon blog ! Je suis heureux de partager avec vous mes actualit\u00e9s, astuces et conseils pour vous aider dans votre parcours. Ici, vous retrouverez des analyses sur le monde du sponsoring et de la communication digitale. Restez connect\u00e9 pour d\u00e9couvrir mes derniers articles !","robots":{"index":"index","follow":"follow","max-snippet":"max-snippet:-1","max-image-preview":"max-image-preview:large","max-video-preview":"max-video-preview:-1"},"canonical":"https:\/\/nicolasmaingault.fr\/index.php\/mon-blog\/","og_locale":"fr_FR","og_type":"article","og_title":"Mon Blog - Nicolas Maingault - Independent Google et Social Ads","og_description":"Bienvenue sur mon blog ! Je suis heureux de partager avec vous mes actualit\u00e9s, astuces et conseils pour vous aider dans votre parcours. Ici, vous retrouverez des analyses sur le monde du sponsoring et de la communication digitale. Restez connect\u00e9 pour d\u00e9couvrir mes derniers articles !","og_url":"https:\/\/nicolasmaingault.fr\/index.php\/mon-blog\/","og_site_name":"Nicolas Maingault","article_modified_time":"2023-09-08T14:37:54+00:00","og_image":[{"url":"https:\/\/nicolasmaingault.fr\/wp-content\/uploads\/2023\/05\/Publication-NM241.png","type":"","width":"","height":""}],"twitter_card":"summary_large_image","twitter_misc":{"Dur\u00e9e de lecture estim\u00e9e":"4 minutes"},"schema":{"@context":"https:\/\/schema.org","@graph":[{"@type":"WebPage","@id":"https:\/\/nicolasmaingault.fr\/index.php\/mon-blog\/","url":"https:\/\/nicolasmaingault.fr\/index.php\/mon-blog\/","name":"Mon Blog - Nicolas Maingault - Independent Google et Social Ads","isPartOf":{"@id":"https:\/\/nicolasmaingault.fr\/#website"},"primaryImageOfPage":{"@id":"https:\/\/nicolasmaingault.fr\/index.php\/mon-blog\/#primaryimage"},"image":{"@id":"https:\/\/nicolasmaingault.fr\/index.php\/mon-blog\/#primaryimage"},"thumbnailUrl":"https:\/\/nicolasmaingault.fr\/wp-content\/uploads\/2023\/05\/Publication-NM241.png","datePublished":"2023-01-31T13:22:06+00:00","dateModified":"2023-09-08T14:37:54+00:00","description":"Bienvenue sur mon blog ! Je suis heureux de partager avec vous mes actualit\u00e9s, astuces et conseils pour vous aider dans votre parcours. Ici, vous retrouverez des analyses sur le monde du sponsoring et de la communication digitale. Restez connect\u00e9 pour d\u00e9couvrir mes derniers articles !","breadcrumb":{"@id":"https:\/\/nicolasmaingault.fr\/index.php\/mon-blog\/#breadcrumb"},"inLanguage":"fr-FR","potentialAction":[{"@type":"ReadAction","target":["https:\/\/nicolasmaingault.fr\/index.php\/mon-blog\/"]}]},{"@type":"ImageObject","inLanguage":"fr-FR","@id":"https:\/\/nicolasmaingault.fr\/index.php\/mon-blog\/#primaryimage","url":"https:\/\/nicolasmaingault.fr\/wp-content\/uploads\/2023\/05\/Publication-NM241.png","contentUrl":"https:\/\/nicolasmaingault.fr\/wp-content\/uploads\/2023\/05\/Publication-NM241.png","width":1080,"height":1080},{"@type":"BreadcrumbList","@id":"https:\/\/nicolasmaingault.fr\/index.php\/mon-blog\/#breadcrumb","itemListElement":[{"@type":"ListItem","position":1,"name":"Accueil","item":"https:\/\/nicolasmaingault.fr\/"},{"@type":"ListItem","position":2,"name":"Mon Blog"}]},{"@type":"WebSite","@id":"https:\/\/nicolasmaingault.fr\/#website","url":"https:\/\/nicolasmaingault.fr\/","name":"Nicolas Maingault","description":"Freelance Communication | SEA","publisher":{"@id":"https:\/\/nicolasmaingault.fr\/#organization"},"potentialAction":[{"@type":"SearchAction","target":{"@type":"EntryPoint","urlTemplate":"https:\/\/nicolasmaingault.fr\/?s={search_term_string}"},"query-input":{"@type":"PropertyValueSpecification","valueRequired":true,"valueName":"search_term_string"}}],"inLanguage":"fr-FR"},{"@type":"Organization","@id":"https:\/\/nicolasmaingault.fr\/#organization","name":"Nicolas Maingault | Freelance Communication | SEA | Reims","url":"https:\/\/nicolasmaingault.fr\/","logo":{"@type":"ImageObject","inLanguage":"fr-FR","@id":"https:\/\/nicolasmaingault.fr\/#\/schema\/logo\/image\/","url":"https:\/\/nicolasmaingault.fr\/wp-content\/uploads\/2022\/10\/cropped-compresse\u0301-1.png","contentUrl":"https:\/\/nicolasmaingault.fr\/wp-content\/uploads\/2022\/10\/cropped-compresse\u0301-1.png","width":512,"height":512,"caption":"Nicolas Maingault | Freelance Communication | SEA | Reims"},"image":{"@id":"https:\/\/nicolasmaingault.fr\/#\/schema\/logo\/image\/"},"sameAs":["https:\/\/www.linkedin.com\/in\/nicolas-maingault-ab3293125\/"]}]}},"_links":{"self":[{"href":"https:\/\/nicolasmaingault.fr\/index.php\/wp-json\/wp\/v2\/pages\/484","targetHints":{"allow":["GET"]}}],"collection":[{"href":"https:\/\/nicolasmaingault.fr\/index.php\/wp-json\/wp\/v2\/pages"}],"about":[{"href":"https:\/\/nicolasmaingault.fr\/index.php\/wp-json\/wp\/v2\/types\/page"}],"author":[{"embeddable":true,"href":"https:\/\/nicolasmaingault.fr\/index.php\/wp-json\/wp\/v2\/users\/1"}],"replies":[{"embeddable":true,"href":"https:\/\/nicolasmaingault.fr\/index.php\/wp-json\/wp\/v2\/comments?post=484"}],"version-history":[{"count":59,"href":"https:\/\/nicolasmaingault.fr\/index.php\/wp-json\/wp\/v2\/pages\/484\/revisions"}],"predecessor-version":[{"id":904,"href":"https:\/\/nicolasmaingault.fr\/index.php\/wp-json\/wp\/v2\/pages\/484\/revisions\/904"}],"wp:attachment":[{"href":"https:\/\/nicolasmaingault.fr\/index.php\/wp-json\/wp\/v2\/media?parent=484"}],"curies":[{"name":"wp","href":"https:\/\/api.w.org\/{rel}","templated":true}]}}